{"id":1967,"date":"2020-02-28T23:49:13","date_gmt":"2020-02-28T22:49:13","guid":{"rendered":"http:\/\/emat.sajtmajstor.design\/?page_id=1967"},"modified":"2025-02-24T11:04:15","modified_gmt":"2025-02-24T10:04:15","slug":"distributivni-uljni-transformatori-10kv-0-42kv-sa-snizenim-gubicima","status":"publish","type":"page","link":"https:\/\/www.emattransformatori.com\/en\/distributivni-uljni-transformatori\/distributivni-uljni-transformatori-10kv-0-42kv-sa-snizenim-gubicima\/","title":{"rendered":"Distribution Oil Transformers 10kV \/ 0.42kV with reduced losses"},"content":{"rendered":"<div data-elementor-type=\"wp-page\" data-elementor-id=\"1967\" class=\"elementor elementor-1967\">\n\t\t\t\t\t\t<section class=\"elementor-section elementor-top-section elementor-element elementor-element-9e59748 elementor-section-stretched elementor-section-boxed elementor-section-height-default elementor-section-height-default\" data-id=\"9e59748\" data-element_type=\"section\" data-e-type=\"section\" data-settings=\"{&quot;stretch_section&quot;:&quot;section-stretched&quot;}\">\n\t\t\t\t\t\t<div class=\"elementor-container elementor-column-gap-default\">\n\t\t\t\t\t<div class=\"elementor-column elementor-col-100 elementor-top-column elementor-element elementor-element-f05ff22\" data-id=\"f05ff22\" data-element_type=\"column\" data-e-type=\"column\">\n\t\t\t<div class=\"elementor-widget-wrap elementor-element-populated\">\n\t\t\t\t\t\t<div class=\"elementor-element elementor-element-8d8cb5c elementor-widget elementor-widget-image\" data-id=\"8d8cb5c\" data-element_type=\"widget\" data-e-type=\"widget\" data-widget_type=\"image.default\">\n\t\t\t\t<div class=\"elementor-widget-container\">\n\t\t\t\t\t\t\t\t\t\t\t\t\t\t\t<img fetchpriority=\"high\" decoding=\"async\" width=\"1000\" height=\"462\" src=\"https:\/\/www.emattransformatori.com\/wp-content\/uploads\/2020\/02\/Iznad-tabela.jpg\" class=\"attachment-full size-full wp-image-1963\" alt=\"\" srcset=\"https:\/\/www.emattransformatori.com\/wp-content\/uploads\/2020\/02\/Iznad-tabela.jpg 1000w, https:\/\/www.emattransformatori.com\/wp-content\/uploads\/2020\/02\/Iznad-tabela-300x139.jpg 300w, https:\/\/www.emattransformatori.com\/wp-content\/uploads\/2020\/02\/Iznad-tabela-768x355.jpg 768w\" sizes=\"(max-width: 1000px) 100vw, 1000px\" \/>\t\t\t\t\t\t\t\t\t\t\t\t\t\t\t<\/div>\n\t\t\t\t<\/div>\n\t\t\t\t\t<\/div>\n\t\t<\/div>\n\t\t\t\t\t<\/div>\n\t\t<\/section>\n\t\t\t\t<section class=\"elementor-section elementor-top-section elementor-element elementor-element-1db16dc elementor-section-boxed elementor-section-height-default elementor-section-height-default\" data-id=\"1db16dc\" data-element_type=\"section\" data-e-type=\"section\">\n\t\t\t\t\t\t<div class=\"elementor-container elementor-column-gap-default\">\n\t\t\t\t\t<div class=\"elementor-column elementor-col-100 elementor-top-column elementor-element elementor-element-3d3546a\" data-id=\"3d3546a\" data-element_type=\"column\" data-e-type=\"column\">\n\t\t\t<div class=\"elementor-widget-wrap elementor-element-populated\">\n\t\t\t\t\t\t<div class=\"elementor-element elementor-element-eae8639 elementor-widget elementor-widget-image\" data-id=\"eae8639\" data-element_type=\"widget\" data-e-type=\"widget\" data-widget_type=\"image.default\">\n\t\t\t\t<div class=\"elementor-widget-container\">\n\t\t\t\t\t\t\t\t\t\t\t\t\t\t\t<img decoding=\"async\" width=\"1000\" height=\"830\" src=\"https:\/\/www.emattransformatori.com\/wp-content\/uploads\/2020\/02\/Tablica_10_0.42_Bk-Co.jpg\" class=\"attachment-full size-full wp-image-1969\" alt=\"\" srcset=\"https:\/\/www.emattransformatori.com\/wp-content\/uploads\/2020\/02\/Tablica_10_0.42_Bk-Co.jpg 1000w, https:\/\/www.emattransformatori.com\/wp-content\/uploads\/2020\/02\/Tablica_10_0.42_Bk-Co-300x249.jpg 300w, https:\/\/www.emattransformatori.com\/wp-content\/uploads\/2020\/02\/Tablica_10_0.42_Bk-Co-768x637.jpg 768w\" sizes=\"(max-width: 1000px) 100vw, 1000px\" \/>\t\t\t\t\t\t\t\t\t\t\t\t\t\t\t<\/div>\n\t\t\t\t<\/div>\n\t\t\t\t\t<\/div>\n\t\t<\/div>\n\t\t\t\t\t<\/div>\n\t\t<\/section>\n\t\t\t\t<section class=\"elementor-section elementor-top-section elementor-element elementor-element-d763486 elementor-section-content-middle elementor-section-boxed elementor-section-height-default elementor-section-height-default\" data-id=\"d763486\" data-element_type=\"section\" data-e-type=\"section\">\n\t\t\t\t\t\t<div class=\"elementor-container elementor-column-gap-extended\">\n\t\t\t\t\t<div class=\"elementor-column elementor-col-33 elementor-top-column elementor-element elementor-element-db248da\" data-id=\"db248da\" data-element_type=\"column\" data-e-type=\"column\">\n\t\t\t<div class=\"elementor-widget-wrap elementor-element-populated\">\n\t\t\t\t\t\t<div class=\"elementor-element elementor-element-5bfadaa elementor-widget elementor-widget-iheading\" data-id=\"5bfadaa\" data-element_type=\"widget\" data-e-type=\"widget\" data-widget_type=\"iheading.default\">\n\t\t\t\t<div class=\"elementor-widget-container\">\n\t\t\t\t\t\t\t<div class=\"section-head\">\r\n\t        \t            <h6 class=\"text-primary\">Our Offer<\/h6>\r\n\t        \t        <h2 class=\"section-title\">Distributive Oil Transformers <span class=\"text-primary\"><\/span><\/h2>\r\n\t        \t    <\/div>\r\n\t    \t\t\t\t<\/div>\n\t\t\t\t<\/div>\n\t\t\t\t<div class=\"elementor-element elementor-element-5c73e3b elementor-widget elementor-widget-text-editor\" data-id=\"5c73e3b\" data-element_type=\"widget\" data-e-type=\"widget\" data-widget_type=\"text-editor.default\">\n\t\t\t\t<div class=\"elementor-widget-container\">\n\t\t\t\t\t\t\t\t\t<p>Complete range of transformers with different levels of losses and coil materials as per client's requirement:<\/p>\t\t\t\t\t\t\t\t<\/div>\n\t\t\t\t<\/div>\n\t\t\t\t<div class=\"elementor-element elementor-element-4f7c19e elementor-list-item-link-full_width elementor-widget elementor-widget-icon-list\" data-id=\"4f7c19e\" data-element_type=\"widget\" data-e-type=\"widget\" data-widget_type=\"icon-list.default\">\n\t\t\t\t<div class=\"elementor-widget-container\">\n\t\t\t\t\t\t\t<ul class=\"elementor-icon-list-items\">\n\t\t\t\t\t\t\t<li class=\"elementor-icon-list-item\">\n\t\t\t\t\t\t\t\t\t\t\t<a href=\"https:\/\/www.emattransformatori.com\/en\/our-services\/distributivni-uljni-transformatori-10kv-0-42kv-sa-normalnim-gubicima\/\">\n\n\t\t\t\t\t\t\t\t\t\t\t\t<span class=\"elementor-icon-list-icon\">\n\t\t\t\t\t\t\t<i aria-hidden=\"true\" class=\"fas fa-chevron-right\"><\/i>\t\t\t\t\t\t<\/span>\n\t\t\t\t\t\t\t\t\t\t<span class=\"elementor-icon-list-text\">Distribution Oil Transformers 10kV \/ 0.42kV with normal losses<\/span>\n\t\t\t\t\t\t\t\t\t\t\t<\/a>\n\t\t\t\t\t\t\t\t\t<\/li>\n\t\t\t\t\t\t\t\t<li class=\"elementor-icon-list-item\">\n\t\t\t\t\t\t\t\t\t\t\t<a href=\"https:\/\/www.emattransformatori.com\/en\/our-services\/distributivni-uljni-transformatori-10kv-0-42kv-sa-snizenim-gubicima\/\">\n\n\t\t\t\t\t\t\t\t\t\t\t\t<span class=\"elementor-icon-list-icon\">\n\t\t\t\t\t\t\t<i aria-hidden=\"true\" class=\"fas fa-chevron-right\"><\/i>\t\t\t\t\t\t<\/span>\n\t\t\t\t\t\t\t\t\t\t<span class=\"elementor-icon-list-text\">Distribution Oil Transformers 10kV \/ 0.42kV with reduced losses<\/span>\n\t\t\t\t\t\t\t\t\t\t\t<\/a>\n\t\t\t\t\t\t\t\t\t<\/li>\n\t\t\t\t\t\t\t\t<li class=\"elementor-icon-list-item\">\n\t\t\t\t\t\t\t\t\t\t\t<a href=\"https:\/\/www.emattransformatori.com\/en\/our-services\/distributivni-uljni-transformatori-2010kv-0-42kv-sa-normalnim-gubicima\/\">\n\n\t\t\t\t\t\t\t\t\t\t\t\t<span class=\"elementor-icon-list-icon\">\n\t\t\t\t\t\t\t<i aria-hidden=\"true\" class=\"fas fa-chevron-right\"><\/i>\t\t\t\t\t\t<\/span>\n\t\t\t\t\t\t\t\t\t\t<span class=\"elementor-icon-list-text\">Distribution Oil Transformers 20kV \/ 0.42kV with normal losses<\/span>\n\t\t\t\t\t\t\t\t\t\t\t<\/a>\n\t\t\t\t\t\t\t\t\t<\/li>\n\t\t\t\t\t\t\t\t<li class=\"elementor-icon-list-item\">\n\t\t\t\t\t\t\t\t\t\t\t<a href=\"https:\/\/www.emattransformatori.com\/en\/distributivni-uljni-transformatori\/distributivni-uljni-transformatori-20kv-0-42kv-sa-snizenim-gubicima\/\">\n\n\t\t\t\t\t\t\t\t\t\t\t\t<span class=\"elementor-icon-list-icon\">\n\t\t\t\t\t\t\t<i aria-hidden=\"true\" class=\"fas fa-chevron-right\"><\/i>\t\t\t\t\t\t<\/span>\n\t\t\t\t\t\t\t\t\t\t<span class=\"elementor-icon-list-text\">Distribution Oil Transformers 20kV \/ 0.42kV with reduced losses<\/span>\n\t\t\t\t\t\t\t\t\t\t\t<\/a>\n\t\t\t\t\t\t\t\t\t<\/li>\n\t\t\t\t\t\t\t\t<li class=\"elementor-icon-list-item\">\n\t\t\t\t\t\t\t\t\t\t\t<a href=\"https:\/\/www.emattransformatori.com\/en\/distributivni-uljni-transformatori\/2010kv-0-42kv-2\/\">\n\n\t\t\t\t\t\t\t\t\t\t\t\t<span class=\"elementor-icon-list-icon\">\n\t\t\t\t\t\t\t<i aria-hidden=\"true\" class=\"fas fa-chevron-right\"><\/i>\t\t\t\t\t\t<\/span>\n\t\t\t\t\t\t\t\t\t\t<span class=\"elementor-icon-list-text\">Distribution Oil Transformers 20 (10) kV \/ 0.42kV with normal losses<\/span>\n\t\t\t\t\t\t\t\t\t\t\t<\/a>\n\t\t\t\t\t\t\t\t\t<\/li>\n\t\t\t\t\t\t\t\t<li class=\"elementor-icon-list-item\">\n\t\t\t\t\t\t\t\t\t\t\t<a href=\"https:\/\/www.emattransformatori.com\/en\/distributivni-uljni-transformatori-2010kv-0-42kv-sa-snizenim-gubicima\/\">\n\n\t\t\t\t\t\t\t\t\t\t\t\t<span class=\"elementor-icon-list-icon\">\n\t\t\t\t\t\t\t<i aria-hidden=\"true\" class=\"fas fa-chevron-right\"><\/i>\t\t\t\t\t\t<\/span>\n\t\t\t\t\t\t\t\t\t\t<span class=\"elementor-icon-list-text\">Distribution Oil Transformers 20 (10) kV \/ 0.42kV with reduced losses<\/span>\n\t\t\t\t\t\t\t\t\t\t\t<\/a>\n\t\t\t\t\t\t\t\t\t<\/li>\n\t\t\t\t\t\t<\/ul>\n\t\t\t\t\t\t<\/div>\n\t\t\t\t<\/div>\n\t\t\t\t\t<\/div>\n\t\t<\/div>\n\t\t\t\t<div class=\"elementor-column elementor-col-33 elementor-top-column elementor-element elementor-element-22ad409 elementor-hidden-tablet elementor-hidden-phone\" data-id=\"22ad409\" data-element_type=\"column\" data-e-type=\"column\">\n\t\t\t<div class=\"elementor-widget-wrap\">\n\t\t\t\t\t\t\t<\/div>\n\t\t<\/div>\n\t\t\t\t<div class=\"elementor-column elementor-col-33 elementor-top-column elementor-element elementor-element-d2f31f8\" data-id=\"d2f31f8\" data-element_type=\"column\" data-e-type=\"column\">\n\t\t\t<div class=\"elementor-widget-wrap elementor-element-populated\">\n\t\t\t\t\t\t<div class=\"elementor-element elementor-element-f0ddc60 elementor-widget elementor-widget-image\" data-id=\"f0ddc60\" data-element_type=\"widget\" data-e-type=\"widget\" data-widget_type=\"image.default\">\n\t\t\t\t<div class=\"elementor-widget-container\">\n\t\t\t\t\t\t\t\t\t\t\t\t\t\t\t<img decoding=\"async\" width=\"2560\" height=\"2152\" src=\"https:\/\/www.emattransformatori.com\/wp-content\/uploads\/2020\/02\/uljni-scaled.jpg\" class=\"attachment-full size-full wp-image-1974\" alt=\"\" srcset=\"https:\/\/www.emattransformatori.com\/wp-content\/uploads\/2020\/02\/uljni-scaled.jpg 2560w, https:\/\/www.emattransformatori.com\/wp-content\/uploads\/2020\/02\/uljni-300x252.jpg 300w, https:\/\/www.emattransformatori.com\/wp-content\/uploads\/2020\/02\/uljni-1024x861.jpg 1024w, https:\/\/www.emattransformatori.com\/wp-content\/uploads\/2020\/02\/uljni-768x646.jpg 768w, https:\/\/www.emattransformatori.com\/wp-content\/uploads\/2020\/02\/uljni-1536x1291.jpg 1536w, https:\/\/www.emattransformatori.com\/wp-content\/uploads\/2020\/02\/uljni-2048x1721.jpg 2048w\" sizes=\"(max-width: 2560px) 100vw, 2560px\" \/>\t\t\t\t\t\t\t\t\t\t\t\t\t\t\t<\/div>\n\t\t\t\t<\/div>\n\t\t\t\t\t<\/div>\n\t\t<\/div>\n\t\t\t\t\t<\/div>\n\t\t<\/section>\n\t\t\t\t<\/div>","protected":false},"excerpt":{"rendered":"<p>Na\u0161a ponuda Distributivnih uljnih transformatora Kompletna paleta transformatora sa razli\u010ditim nivoom gubitaka i materijala za namotaje prema zahtevu klijenata: Distributivni uljni transformatori 10kV \/ 0.42kV sa normalnim gubicima Distributivni uljni transformatori 10kV \/ 0.42kV sa sni\u017eenim gubicima Distributivni uljni transformatori 20kV \/ 0.42kV sa normalnim gubicima Distributivni uljni transformatori 20kV \/ 0.42kV sa sni\u017eenim gubicima [&hellip;]<\/p>\n","protected":false},"author":1,"featured_media":0,"parent":570,"menu_order":0,"comment_status":"closed","ping_status":"closed","template":"","meta":{"footnotes":""},"class_list":["post-1967","page","type-page","status-publish","hentry"],"yoast_head":"<!-- This site is optimized with the Yoast SEO plugin v27.5 - https:\/\/yoast.com\/product\/yoast-seo-wordpress\/ -->\n<title>Distributivni uljni transformatori 10kV \/ 0.42kV sa sni\u017eenim gubicima - Emat D.O.O.<\/title>\n<meta name=\"robots\" content=\"index, follow, max-snippet:-1, max-image-preview:large, max-video-preview:-1\" \/>\n<link rel=\"canonical\" href=\"https:\/\/www.emattransformatori.com\/en\/distributivni-uljni-transformatori\/distributivni-uljni-transformatori-10kv-0-42kv-sa-snizenim-gubicima\/\" \/>\n<meta property=\"og:locale\" content=\"en_GB\" \/>\n<meta property=\"og:type\" content=\"article\" \/>\n<meta property=\"og:title\" content=\"Distributivni uljni transformatori 10kV \/ 0.42kV sa sni\u017eenim gubicima - Emat D.O.O.\" \/>\n<meta property=\"og:description\" content=\"Na\u0161a ponuda Distributivnih uljnih transformatora Kompletna paleta transformatora sa razli\u010ditim nivoom gubitaka i materijala za namotaje prema zahtevu klijenata: Distributivni uljni transformatori 10kV \/ 0.42kV sa normalnim gubicima Distributivni uljni transformatori 10kV \/ 0.42kV sa sni\u017eenim gubicima Distributivni uljni transformatori 20kV \/ 0.42kV sa normalnim gubicima Distributivni uljni transformatori 20kV \/ 0.42kV sa sni\u017eenim gubicima [&hellip;]\" \/>\n<meta property=\"og:url\" content=\"https:\/\/www.emattransformatori.com\/en\/distributivni-uljni-transformatori\/distributivni-uljni-transformatori-10kv-0-42kv-sa-snizenim-gubicima\/\" \/>\n<meta property=\"og:site_name\" content=\"Emat D.O.O.\" \/>\n<meta property=\"article:modified_time\" content=\"2025-02-24T10:04:15+00:00\" \/>\n<meta property=\"og:image\" content=\"https:\/\/www.emattransformatori.com\/wp-content\/uploads\/2020\/02\/Iznad-tabela.jpg\" \/>\n\t<meta property=\"og:image:width\" content=\"1000\" \/>\n\t<meta property=\"og:image:height\" content=\"462\" \/>\n\t<meta property=\"og:image:type\" content=\"image\/jpeg\" \/>\n<meta name=\"twitter:card\" content=\"summary_large_image\" \/>\n<meta name=\"twitter:label1\" content=\"Estimated reading time\" \/>\n\t<meta name=\"twitter:data1\" content=\"1 minute\" \/>\n<script type=\"application\/ld+json\" class=\"yoast-schema-graph\">{\"@context\":\"https:\\\/\\\/schema.org\",\"@graph\":[{\"@type\":\"WebPage\",\"@id\":\"https:\\\/\\\/www.emattransformatori.com\\\/distributivni-uljni-transformatori\\\/distributivni-uljni-transformatori-10kv-0-42kv-sa-snizenim-gubicima\\\/\",\"url\":\"https:\\\/\\\/www.emattransformatori.com\\\/distributivni-uljni-transformatori\\\/distributivni-uljni-transformatori-10kv-0-42kv-sa-snizenim-gubicima\\\/\",\"name\":\"Distributivni uljni transformatori 10kV \\\/ 0.42kV sa sni\u017eenim gubicima - Emat D.O.O.\",\"isPartOf\":{\"@id\":\"https:\\\/\\\/www.emattransformatori.com\\\/#website\"},\"primaryImageOfPage\":{\"@id\":\"https:\\\/\\\/www.emattransformatori.com\\\/distributivni-uljni-transformatori\\\/distributivni-uljni-transformatori-10kv-0-42kv-sa-snizenim-gubicima\\\/#primaryimage\"},\"image\":{\"@id\":\"https:\\\/\\\/www.emattransformatori.com\\\/distributivni-uljni-transformatori\\\/distributivni-uljni-transformatori-10kv-0-42kv-sa-snizenim-gubicima\\\/#primaryimage\"},\"thumbnailUrl\":\"https:\\\/\\\/www.emattransformatori.com\\\/wp-content\\\/uploads\\\/2020\\\/02\\\/Iznad-tabela.jpg\",\"datePublished\":\"2020-02-28T22:49:13+00:00\",\"dateModified\":\"2025-02-24T10:04:15+00:00\",\"breadcrumb\":{\"@id\":\"https:\\\/\\\/www.emattransformatori.com\\\/distributivni-uljni-transformatori\\\/distributivni-uljni-transformatori-10kv-0-42kv-sa-snizenim-gubicima\\\/#breadcrumb\"},\"inLanguage\":\"en-GB\",\"potentialAction\":[{\"@type\":\"ReadAction\",\"target\":[\"https:\\\/\\\/www.emattransformatori.com\\\/distributivni-uljni-transformatori\\\/distributivni-uljni-transformatori-10kv-0-42kv-sa-snizenim-gubicima\\\/\"]}]},{\"@type\":\"ImageObject\",\"inLanguage\":\"en-GB\",\"@id\":\"https:\\\/\\\/www.emattransformatori.com\\\/distributivni-uljni-transformatori\\\/distributivni-uljni-transformatori-10kv-0-42kv-sa-snizenim-gubicima\\\/#primaryimage\",\"url\":\"https:\\\/\\\/www.emattransformatori.com\\\/wp-content\\\/uploads\\\/2020\\\/02\\\/Iznad-tabela.jpg\",\"contentUrl\":\"https:\\\/\\\/www.emattransformatori.com\\\/wp-content\\\/uploads\\\/2020\\\/02\\\/Iznad-tabela.jpg\"},{\"@type\":\"BreadcrumbList\",\"@id\":\"https:\\\/\\\/www.emattransformatori.com\\\/distributivni-uljni-transformatori\\\/distributivni-uljni-transformatori-10kv-0-42kv-sa-snizenim-gubicima\\\/#breadcrumb\",\"itemListElement\":[{\"@type\":\"ListItem\",\"position\":1,\"name\":\"Home\",\"item\":\"https:\\\/\\\/www.emattransformatori.com\\\/\"},{\"@type\":\"ListItem\",\"position\":2,\"name\":\"Distributivni uljni transformatori\",\"item\":\"https:\\\/\\\/www.emattransformatori.com\\\/distributivni-uljni-transformatori\\\/\"},{\"@type\":\"ListItem\",\"position\":3,\"name\":\"Distributivni uljni transformatori 10kV \\\/ 0.42kV sa sni\u017eenim gubicima\"}]},{\"@type\":\"WebSite\",\"@id\":\"https:\\\/\\\/www.emattransformatori.com\\\/#website\",\"url\":\"https:\\\/\\\/www.emattransformatori.com\\\/\",\"name\":\"Emat D.O.O.\",\"description\":\"Uljni i Suvi Transformatori | Opreme i Delovi za Transformatore\",\"potentialAction\":[{\"@type\":\"SearchAction\",\"target\":{\"@type\":\"EntryPoint\",\"urlTemplate\":\"https:\\\/\\\/www.emattransformatori.com\\\/?s={search_term_string}\"},\"query-input\":{\"@type\":\"PropertyValueSpecification\",\"valueRequired\":true,\"valueName\":\"search_term_string\"}}],\"inLanguage\":\"en-GB\"}]}<\/script>\n<!-- \/ Yoast SEO plugin. -->","yoast_head_json":{"title":"Distributivni uljni transformatori 10kV \/ 0.42kV sa sni\u017eenim gubicima - Emat D.O.O.","robots":{"index":"index","follow":"follow","max-snippet":"max-snippet:-1","max-image-preview":"max-image-preview:large","max-video-preview":"max-video-preview:-1"},"canonical":"https:\/\/www.emattransformatori.com\/en\/distributivni-uljni-transformatori\/distributivni-uljni-transformatori-10kv-0-42kv-sa-snizenim-gubicima\/","og_locale":"en_GB","og_type":"article","og_title":"Distributivni uljni transformatori 10kV \/ 0.42kV sa sni\u017eenim gubicima - Emat D.O.O.","og_description":"Na\u0161a ponuda Distributivnih uljnih transformatora Kompletna paleta transformatora sa razli\u010ditim nivoom gubitaka i materijala za namotaje prema zahtevu klijenata: Distributivni uljni transformatori 10kV \/ 0.42kV sa normalnim gubicima Distributivni uljni transformatori 10kV \/ 0.42kV sa sni\u017eenim gubicima Distributivni uljni transformatori 20kV \/ 0.42kV sa normalnim gubicima Distributivni uljni transformatori 20kV \/ 0.42kV sa sni\u017eenim gubicima [&hellip;]","og_url":"https:\/\/www.emattransformatori.com\/en\/distributivni-uljni-transformatori\/distributivni-uljni-transformatori-10kv-0-42kv-sa-snizenim-gubicima\/","og_site_name":"Emat D.O.O.","article_modified_time":"2025-02-24T10:04:15+00:00","og_image":[{"width":1000,"height":462,"url":"https:\/\/www.emattransformatori.com\/wp-content\/uploads\/2020\/02\/Iznad-tabela.jpg","type":"image\/jpeg"}],"twitter_card":"summary_large_image","twitter_misc":{"Estimated reading time":"1 minute"},"schema":{"@context":"https:\/\/schema.org","@graph":[{"@type":"WebPage","@id":"https:\/\/www.emattransformatori.com\/distributivni-uljni-transformatori\/distributivni-uljni-transformatori-10kv-0-42kv-sa-snizenim-gubicima\/","url":"https:\/\/www.emattransformatori.com\/distributivni-uljni-transformatori\/distributivni-uljni-transformatori-10kv-0-42kv-sa-snizenim-gubicima\/","name":"Distributivni uljni transformatori 10kV \/ 0.42kV sa sni\u017eenim gubicima - Emat D.O.O.","isPartOf":{"@id":"https:\/\/www.emattransformatori.com\/#website"},"primaryImageOfPage":{"@id":"https:\/\/www.emattransformatori.com\/distributivni-uljni-transformatori\/distributivni-uljni-transformatori-10kv-0-42kv-sa-snizenim-gubicima\/#primaryimage"},"image":{"@id":"https:\/\/www.emattransformatori.com\/distributivni-uljni-transformatori\/distributivni-uljni-transformatori-10kv-0-42kv-sa-snizenim-gubicima\/#primaryimage"},"thumbnailUrl":"https:\/\/www.emattransformatori.com\/wp-content\/uploads\/2020\/02\/Iznad-tabela.jpg","datePublished":"2020-02-28T22:49:13+00:00","dateModified":"2025-02-24T10:04:15+00:00","breadcrumb":{"@id":"https:\/\/www.emattransformatori.com\/distributivni-uljni-transformatori\/distributivni-uljni-transformatori-10kv-0-42kv-sa-snizenim-gubicima\/#breadcrumb"},"inLanguage":"en-GB","potentialAction":[{"@type":"ReadAction","target":["https:\/\/www.emattransformatori.com\/distributivni-uljni-transformatori\/distributivni-uljni-transformatori-10kv-0-42kv-sa-snizenim-gubicima\/"]}]},{"@type":"ImageObject","inLanguage":"en-GB","@id":"https:\/\/www.emattransformatori.com\/distributivni-uljni-transformatori\/distributivni-uljni-transformatori-10kv-0-42kv-sa-snizenim-gubicima\/#primaryimage","url":"https:\/\/www.emattransformatori.com\/wp-content\/uploads\/2020\/02\/Iznad-tabela.jpg","contentUrl":"https:\/\/www.emattransformatori.com\/wp-content\/uploads\/2020\/02\/Iznad-tabela.jpg"},{"@type":"BreadcrumbList","@id":"https:\/\/www.emattransformatori.com\/distributivni-uljni-transformatori\/distributivni-uljni-transformatori-10kv-0-42kv-sa-snizenim-gubicima\/#breadcrumb","itemListElement":[{"@type":"ListItem","position":1,"name":"Home","item":"https:\/\/www.emattransformatori.com\/"},{"@type":"ListItem","position":2,"name":"Distributivni uljni transformatori","item":"https:\/\/www.emattransformatori.com\/distributivni-uljni-transformatori\/"},{"@type":"ListItem","position":3,"name":"Distributivni uljni transformatori 10kV \/ 0.42kV sa sni\u017eenim gubicima"}]},{"@type":"WebSite","@id":"https:\/\/www.emattransformatori.com\/#website","url":"https:\/\/www.emattransformatori.com\/","name":"Emat D.O.O.","description":"Uljni i Suvi Transformatori | Opreme i Delovi za Transformatore","potentialAction":[{"@type":"SearchAction","target":{"@type":"EntryPoint","urlTemplate":"https:\/\/www.emattransformatori.com\/?s={search_term_string}"},"query-input":{"@type":"PropertyValueSpecification","valueRequired":true,"valueName":"search_term_string"}}],"inLanguage":"en-GB"}]}},"_links":{"self":[{"href":"https:\/\/www.emattransformatori.com\/en\/wp-json\/wp\/v2\/pages\/1967","targetHints":{"allow":["GET"]}}],"collection":[{"href":"https:\/\/www.emattransformatori.com\/en\/wp-json\/wp\/v2\/pages"}],"about":[{"href":"https:\/\/www.emattransformatori.com\/en\/wp-json\/wp\/v2\/types\/page"}],"author":[{"embeddable":true,"href":"https:\/\/www.emattransformatori.com\/en\/wp-json\/wp\/v2\/users\/1"}],"replies":[{"embeddable":true,"href":"https:\/\/www.emattransformatori.com\/en\/wp-json\/wp\/v2\/comments?post=1967"}],"version-history":[{"count":9,"href":"https:\/\/www.emattransformatori.com\/en\/wp-json\/wp\/v2\/pages\/1967\/revisions"}],"predecessor-version":[{"id":2559,"href":"https:\/\/www.emattransformatori.com\/en\/wp-json\/wp\/v2\/pages\/1967\/revisions\/2559"}],"up":[{"embeddable":true,"href":"https:\/\/www.emattransformatori.com\/en\/wp-json\/wp\/v2\/pages\/570"}],"wp:attachment":[{"href":"https:\/\/www.emattransformatori.com\/en\/wp-json\/wp\/v2\/media?parent=1967"}],"curies":[{"name":"wp","href":"https:\/\/api.w.org\/{rel}","templated":true}]}}