{"id":2015,"date":"2020-02-29T00:53:00","date_gmt":"2020-02-28T23:53:00","guid":{"rendered":"http:\/\/emat.sajtmajstor.design\/?page_id=2015"},"modified":"2023-08-24T18:49:47","modified_gmt":"2023-08-24T16:49:47","slug":"opreme-i-materijali-za-transformatore","status":"publish","type":"page","link":"https:\/\/www.emattransformatori.com\/en\/opreme-i-materijali-za-transformatore\/","title":{"rendered":"Transformer accessories and materials"},"content":{"rendered":"<div data-elementor-type=\"wp-page\" data-elementor-id=\"2015\" class=\"elementor elementor-2015\">\n\t\t\t\t<div class=\"elementor-element elementor-element-14cb190 e-flex e-con-boxed e-con e-parent\" data-id=\"14cb190\" data-element_type=\"container\" data-e-type=\"container\">\n\t\t\t\t\t<div class=\"e-con-inner\">\n\t\t<div class=\"elementor-element elementor-element-0f64f45 e-con-full e-flex e-con e-child\" data-id=\"0f64f45\" data-element_type=\"container\" data-e-type=\"container\">\n\t\t\t\t<div class=\"elementor-element elementor-element-1967d20 elementor-icon-list--layout-traditional elementor-list-item-link-full_width elementor-widget elementor-widget-icon-list\" data-id=\"1967d20\" data-element_type=\"widget\" data-e-type=\"widget\" data-widget_type=\"icon-list.default\">\n\t\t\t\t<div class=\"elementor-widget-container\">\n\t\t\t\t\t\t\t<ul class=\"elementor-icon-list-items\">\n\t\t\t\t\t\t\t<li class=\"elementor-icon-list-item\">\n\t\t\t\t\t\t\t\t\t\t\t<a href=\"#\">\n\n\t\t\t\t\t\t\t\t\t\t\t\t<span class=\"elementor-icon-list-icon\">\n\t\t\t\t\t\t\t<i aria-hidden=\"true\" class=\"fas fa-chevron-right\"><\/i>\t\t\t\t\t\t<\/span>\n\t\t\t\t\t\t\t\t\t\t<span class=\"elementor-icon-list-text\">Transformer Bushing<\/span>\n\t\t\t\t\t\t\t\t\t\t\t<\/a>\n\t\t\t\t\t\t\t\t\t<\/li>\n\t\t\t\t\t\t\t\t<li class=\"elementor-icon-list-item\">\n\t\t\t\t\t\t\t\t\t\t\t<a href=\"#\">\n\n\t\t\t\t\t\t\t\t\t\t\t\t<span class=\"elementor-icon-list-icon\">\n\t\t\t\t\t\t\t<i aria-hidden=\"true\" class=\"fas fa-chevron-right\"><\/i>\t\t\t\t\t\t<\/span>\n\t\t\t\t\t\t\t\t\t\t<span class=\"elementor-icon-list-text\">Vertical oil level indicator<\/span>\n\t\t\t\t\t\t\t\t\t\t\t<\/a>\n\t\t\t\t\t\t\t\t\t<\/li>\n\t\t\t\t\t\t\t\t<li class=\"elementor-icon-list-item\">\n\t\t\t\t\t\t\t\t\t\t\t<a href=\"#\">\n\n\t\t\t\t\t\t\t\t\t\t\t\t<span class=\"elementor-icon-list-icon\">\n\t\t\t\t\t\t\t<i aria-hidden=\"true\" class=\"fas fa-chevron-right\"><\/i>\t\t\t\t\t\t<\/span>\n\t\t\t\t\t\t\t\t\t\t<span class=\"elementor-icon-list-text\">Magnetic oil level indicator<\/span>\n\t\t\t\t\t\t\t\t\t\t\t<\/a>\n\t\t\t\t\t\t\t\t\t<\/li>\n\t\t\t\t\t\t\t\t<li class=\"elementor-icon-list-item\">\n\t\t\t\t\t\t\t\t\t\t\t<a href=\"#\">\n\n\t\t\t\t\t\t\t\t\t\t\t\t<span class=\"elementor-icon-list-icon\">\n\t\t\t\t\t\t\t<i aria-hidden=\"true\" class=\"fas fa-chevron-right\"><\/i>\t\t\t\t\t\t<\/span>\n\t\t\t\t\t\t\t\t\t\t<span class=\"elementor-icon-list-text\">Pressure safety valves<\/span>\n\t\t\t\t\t\t\t\t\t\t\t<\/a>\n\t\t\t\t\t\t\t\t\t<\/li>\n\t\t\t\t\t\t\t\t<li class=\"elementor-icon-list-item\">\n\t\t\t\t\t\t\t\t\t\t\t<a href=\"#\">\n\n\t\t\t\t\t\t\t\t\t\t\t\t<span class=\"elementor-icon-list-icon\">\n\t\t\t\t\t\t\t<i aria-hidden=\"true\" class=\"fas fa-chevron-right\"><\/i>\t\t\t\t\t\t<\/span>\n\t\t\t\t\t\t\t\t\t\t<span class=\"elementor-icon-list-text\">Oil drain device<\/span>\n\t\t\t\t\t\t\t\t\t\t\t<\/a>\n\t\t\t\t\t\t\t\t\t<\/li>\n\t\t\t\t\t\t\t\t<li class=\"elementor-icon-list-item\">\n\t\t\t\t\t\t\t\t\t\t\t<a href=\"#\">\n\n\t\t\t\t\t\t\t\t\t\t\t\t<span class=\"elementor-icon-list-icon\">\n\t\t\t\t\t\t\t<i aria-hidden=\"true\" class=\"fas fa-chevron-right\"><\/i>\t\t\t\t\t\t<\/span>\n\t\t\t\t\t\t\t\t\t\t<span class=\"elementor-icon-list-text\">Transformer wheel<\/span>\n\t\t\t\t\t\t\t\t\t\t\t<\/a>\n\t\t\t\t\t\t\t\t\t<\/li>\n\t\t\t\t\t\t\t\t<li class=\"elementor-icon-list-item\">\n\t\t\t\t\t\t\t\t\t\t\t<a href=\"#\">\n\n\t\t\t\t\t\t\t\t\t\t\t\t<span class=\"elementor-icon-list-icon\">\n\t\t\t\t\t\t\t<i aria-hidden=\"true\" class=\"fas fa-chevron-right\"><\/i>\t\t\t\t\t\t<\/span>\n\t\t\t\t\t\t\t\t\t\t<span class=\"elementor-icon-list-text\">Bimetal Thermometre<\/span>\n\t\t\t\t\t\t\t\t\t\t\t<\/a>\n\t\t\t\t\t\t\t\t\t<\/li>\n\t\t\t\t\t\t\t\t<li class=\"elementor-icon-list-item\">\n\t\t\t\t\t\t\t\t\t\t\t<a href=\"#\">\n\n\t\t\t\t\t\t\t\t\t\t\t\t<span class=\"elementor-icon-list-icon\">\n\t\t\t\t\t\t\t<i aria-hidden=\"true\" class=\"fas fa-chevron-right\"><\/i>\t\t\t\t\t\t<\/span>\n\t\t\t\t\t\t\t\t\t\t<span class=\"elementor-icon-list-text\">Thermometre case<\/span>\n\t\t\t\t\t\t\t\t\t\t\t<\/a>\n\t\t\t\t\t\t\t\t\t<\/li>\n\t\t\t\t\t\t\t\t<li class=\"elementor-icon-list-item\">\n\t\t\t\t\t\t\t\t\t\t\t<a href=\"#\">\n\n\t\t\t\t\t\t\t\t\t\t\t\t<span class=\"elementor-icon-list-icon\">\n\t\t\t\t\t\t\t<i aria-hidden=\"true\" class=\"fas fa-chevron-right\"><\/i>\t\t\t\t\t\t<\/span>\n\t\t\t\t\t\t\t\t\t\t<span class=\"elementor-icon-list-text\">Moisture Holder - Breather<\/span>\n\t\t\t\t\t\t\t\t\t\t\t<\/a>\n\t\t\t\t\t\t\t\t\t<\/li>\n\t\t\t\t\t\t\t\t<li class=\"elementor-icon-list-item\">\n\t\t\t\t\t\t\t\t\t\t\t<a href=\"#\">\n\n\t\t\t\t\t\t\t\t\t\t\t\t<span class=\"elementor-icon-list-icon\">\n\t\t\t\t\t\t\t<i aria-hidden=\"true\" class=\"fas fa-chevron-right\"><\/i>\t\t\t\t\t\t<\/span>\n\t\t\t\t\t\t\t\t\t\t<span class=\"elementor-icon-list-text\">Buchholz relay<\/span>\n\t\t\t\t\t\t\t\t\t\t\t<\/a>\n\t\t\t\t\t\t\t\t\t<\/li>\n\t\t\t\t\t\t\t\t<li class=\"elementor-icon-list-item\">\n\t\t\t\t\t\t\t\t\t\t\t<a href=\"#\">\n\n\t\t\t\t\t\t\t\t\t\t\t\t<span class=\"elementor-icon-list-icon\">\n\t\t\t\t\t\t\t<i aria-hidden=\"true\" class=\"fas fa-chevron-right\"><\/i>\t\t\t\t\t\t<\/span>\n\t\t\t\t\t\t\t\t\t\t<span class=\"elementor-icon-list-text\">Protection relay<\/span>\n\t\t\t\t\t\t\t\t\t\t\t<\/a>\n\t\t\t\t\t\t\t\t\t<\/li>\n\t\t\t\t\t\t\t\t<li class=\"elementor-icon-list-item\">\n\t\t\t\t\t\t\t\t\t\t\t<a href=\"#\">\n\n\t\t\t\t\t\t\t\t\t\t\t\t<span class=\"elementor-icon-list-icon\">\n\t\t\t\t\t\t\t<i aria-hidden=\"true\" class=\"fas fa-chevron-right\"><\/i>\t\t\t\t\t\t<\/span>\n\t\t\t\t\t\t\t\t\t\t<span class=\"elementor-icon-list-text\">Aluminum strip EN AW \/1050A\/99.5%\/<\/span>\n\t\t\t\t\t\t\t\t\t\t\t<\/a>\n\t\t\t\t\t\t\t\t\t<\/li>\n\t\t\t\t\t\t\t\t<li class=\"elementor-icon-list-item\">\n\t\t\t\t\t\t\t\t\t\t\t<a href=\"#\">\n\n\t\t\t\t\t\t\t\t\t\t\t\t<span class=\"elementor-icon-list-icon\">\n\t\t\t\t\t\t\t<i aria-hidden=\"true\" class=\"fas fa-chevron-right\"><\/i>\t\t\t\t\t\t<\/span>\n\t\t\t\t\t\t\t\t\t\t<span class=\"elementor-icon-list-text\">Double enameled aluminum wire according to EN 60317-15:2006<\/span>\n\t\t\t\t\t\t\t\t\t\t\t<\/a>\n\t\t\t\t\t\t\t\t\t<\/li>\n\t\t\t\t\t\t\t\t<li class=\"elementor-icon-list-item\">\n\t\t\t\t\t\t\t\t\t\t\t<a href=\"#\">\n\n\t\t\t\t\t\t\t\t\t\t\t\t<span class=\"elementor-icon-list-icon\">\n\t\t\t\t\t\t\t<i aria-hidden=\"true\" class=\"fas fa-chevron-right\"><\/i>\t\t\t\t\t\t<\/span>\n\t\t\t\t\t\t\t\t\t\t<span class=\"elementor-icon-list-text\">Rectangular aluminum wire with paper insulation according to EN 60317-27:2014<\/span>\n\t\t\t\t\t\t\t\t\t\t\t<\/a>\n\t\t\t\t\t\t\t\t\t<\/li>\n\t\t\t\t\t\t\t\t<li class=\"elementor-icon-list-item\">\n\t\t\t\t\t\t\t\t\t\t\t<a href=\"#\">\n\n\t\t\t\t\t\t\t\t\t\t\t\t<span class=\"elementor-icon-list-icon\">\n\t\t\t\t\t\t\t<i aria-hidden=\"true\" class=\"fas fa-chevron-right\"><\/i>\t\t\t\t\t\t<\/span>\n\t\t\t\t\t\t\t\t\t\t<span class=\"elementor-icon-list-text\">Diamond dotted paper (DDP)<\/span>\n\t\t\t\t\t\t\t\t\t\t\t<\/a>\n\t\t\t\t\t\t\t\t\t<\/li>\n\t\t\t\t\t\t\t\t<li class=\"elementor-icon-list-item\">\n\t\t\t\t\t\t\t\t\t\t\t<a href=\"#\">\n\n\t\t\t\t\t\t\t\t\t\t\t\t<span class=\"elementor-icon-list-icon\">\n\t\t\t\t\t\t\t<i aria-hidden=\"true\" class=\"fas fa-chevron-right\"><\/i>\t\t\t\t\t\t<\/span>\n\t\t\t\t\t\t\t\t\t\t<span class=\"elementor-icon-list-text\">Grain oriented electrical steel<\/span>\n\t\t\t\t\t\t\t\t\t\t\t<\/a>\n\t\t\t\t\t\t\t\t\t<\/li>\n\t\t\t\t\t\t<\/ul>\n\t\t\t\t\t\t<\/div>\n\t\t\t\t<\/div>\n\t\t\t\t<\/div>\n\t\t<div class=\"elementor-element elementor-element-a6339e2 e-con-full e-flex e-con e-child\" data-id=\"a6339e2\" data-element_type=\"container\" data-e-type=\"container\">\n\t\t\t\t<div class=\"elementor-element elementor-element-e257f6a elementor-widget elementor-widget-image\" data-id=\"e257f6a\" data-element_type=\"widget\" data-e-type=\"widget\" data-widget_type=\"image.default\">\n\t\t\t\t<div class=\"elementor-widget-container\">\n\t\t\t\t\t\t\t\t\t\t\t\t\t\t\t<img fetchpriority=\"high\" decoding=\"async\" width=\"640\" height=\"853\" src=\"https:\/\/www.emattransformatori.com\/wp-content\/uploads\/2020\/03\/Buchholz-relay-768x1024.jpg\" class=\"attachment-large size-large wp-image-2107\" alt=\"\" srcset=\"https:\/\/www.emattransformatori.com\/wp-content\/uploads\/2020\/03\/Buchholz-relay-768x1024.jpg 768w, https:\/\/www.emattransformatori.com\/wp-content\/uploads\/2020\/03\/Buchholz-relay-225x300.jpg 225w, https:\/\/www.emattransformatori.com\/wp-content\/uploads\/2020\/03\/Buchholz-relay.jpg 960w\" sizes=\"(max-width: 640px) 100vw, 640px\" \/>\t\t\t\t\t\t\t\t\t\t\t\t\t\t\t<\/div>\n\t\t\t\t<\/div>\n\t\t\t\t<div class=\"elementor-element elementor-element-d9730d3 elementor-widget elementor-widget-image\" data-id=\"d9730d3\" data-element_type=\"widget\" data-e-type=\"widget\" data-widget_type=\"image.default\">\n\t\t\t\t<div class=\"elementor-widget-container\">\n\t\t\t\t\t\t\t\t\t\t\t\t\t\t\t<img decoding=\"async\" width=\"640\" height=\"427\" src=\"https:\/\/www.emattransformatori.com\/wp-content\/uploads\/2020\/03\/Transformatorski-bushing-1024x683.jpg\" class=\"attachment-large size-large wp-image-2105\" alt=\"\" srcset=\"https:\/\/www.emattransformatori.com\/wp-content\/uploads\/2020\/03\/Transformatorski-bushing-1024x683.jpg 1024w, https:\/\/www.emattransformatori.com\/wp-content\/uploads\/2020\/03\/Transformatorski-bushing-300x200.jpg 300w, https:\/\/www.emattransformatori.com\/wp-content\/uploads\/2020\/03\/Transformatorski-bushing-768x512.jpg 768w, https:\/\/www.emattransformatori.com\/wp-content\/uploads\/2020\/03\/Transformatorski-bushing-1536x1024.jpg 1536w, https:\/\/www.emattransformatori.com\/wp-content\/uploads\/2020\/03\/Transformatorski-bushing-2048x1365.jpg 2048w\" sizes=\"(max-width: 640px) 100vw, 640px\" \/>\t\t\t\t\t\t\t\t\t\t\t\t\t\t\t<\/div>\n\t\t\t\t<\/div>\n\t\t\t\t<div class=\"elementor-element elementor-element-f5fa099 elementor-widget elementor-widget-image\" data-id=\"f5fa099\" data-element_type=\"widget\" data-e-type=\"widget\" data-widget_type=\"image.default\">\n\t\t\t\t<div class=\"elementor-widget-container\">\n\t\t\t\t\t\t\t\t\t\t\t\t\t\t\t<img decoding=\"async\" width=\"640\" height=\"426\" src=\"https:\/\/www.emattransformatori.com\/wp-content\/uploads\/2020\/03\/uredjaj-kontrole-1024x682.jpg\" class=\"attachment-large size-large wp-image-2106\" alt=\"\" srcset=\"https:\/\/www.emattransformatori.com\/wp-content\/uploads\/2020\/03\/uredjaj-kontrole-1024x682.jpg 1024w, https:\/\/www.emattransformatori.com\/wp-content\/uploads\/2020\/03\/uredjaj-kontrole-300x200.jpg 300w, https:\/\/www.emattransformatori.com\/wp-content\/uploads\/2020\/03\/uredjaj-kontrole-768x512.jpg 768w, https:\/\/www.emattransformatori.com\/wp-content\/uploads\/2020\/03\/uredjaj-kontrole.jpg 1280w\" sizes=\"(max-width: 640px) 100vw, 640px\" \/>\t\t\t\t\t\t\t\t\t\t\t\t\t\t\t<\/div>\n\t\t\t\t<\/div>\n\t\t\t\t<\/div>\n\t\t\t\t\t<\/div>\n\t\t\t\t<\/div>\n\t\t<div class=\"elementor-element elementor-element-a540885 e-flex e-con-boxed e-con e-parent\" data-id=\"a540885\" data-element_type=\"container\" data-e-type=\"container\">\n\t\t\t\t\t<div class=\"e-con-inner\">\n\t\t<div class=\"elementor-element elementor-element-4ebd82c e-con-full e-flex e-con e-child\" data-id=\"4ebd82c\" data-element_type=\"container\" data-e-type=\"container\">\n\t\t\t\t<div class=\"elementor-element elementor-element-382835a elementor-widget elementor-widget-iheading\" data-id=\"382835a\" data-element_type=\"widget\" data-e-type=\"widget\" data-widget_type=\"iheading.default\">\n\t\t\t\t<div class=\"elementor-widget-container\">\n\t\t\t\t\t\t\t<div class=\"section-head\">\r\n\t        \t            <h6 class=\"text-primary\">OUR SOLUTIONS<\/h6>\r\n\t        \t        <h2 class=\"section-title\">For your needs <span class=\"text-primary\"><\/span><\/h2>\r\n\t        \t    <\/div>\r\n\t    \t\t\t\t<\/div>\n\t\t\t\t<\/div>\n\t\t\t\t<div class=\"elementor-element elementor-element-a9867db elementor-invisible elementor-widget elementor-widget-iiconbox_carousel\" data-id=\"a9867db\" data-element_type=\"widget\" data-e-type=\"widget\" data-settings=\"{&quot;_animation&quot;:&quot;fadeIn&quot;}\" data-widget_type=\"iiconbox_carousel.default\">\n\t\t\t\t<div class=\"elementor-widget-container\">\n\t\t\t\t\t\t\t<div class=\"icon-box-slider-wraper\">\r\n\t\t\t<div class=\"icon-box-slider iarrow  row\" data-show=\"3\" data-auto=\"\" data-dots=\"\" data-arrow=\"true\">\r\n\t\t\t\t\t\t\t\t<div>\r\n\t\t\t\t\t<div class=\"icon-box\">\r\n\t\t\t\t\t\t<div class=\"icon-top\">\r\n\t\t\t\t\t        \t\t\t\t\t         <img decoding=\"async\" src=\"https:\/\/www.emattransformatori.com\/wp-content\/uploads\/2021\/03\/skladistenje-robe.png\" alt=\"\">\t\t\t\t        <\/div>\r\n\t\t\t\t        <div class=\"content-box\">\r\n\t\t\t\t            <h4>Skladi\u0161tenje robe<\/h4>\t\t\t\t            <p> Nudimo kompletnu uslugu, Javno carinsko skladiste i komercijalni magacin<\/p>\t\t\t\t            <a class=\"btn-details\" href=\"https:\/\/www.emattransformatori.com\/en\/javno-carinsko-skladiste\/\">View more <i class=\"icon ion-md-add-circle-outline\"><\/i><\/a>\t\t\t\t        <\/div>\r\n\t\t\t\t    <\/div>\r\n\t\t\t\t<\/div>\r\n\t\t\t\t\t\t\t\t<div>\r\n\t\t\t\t\t<div class=\"icon-box\">\r\n\t\t\t\t\t\t<div class=\"icon-top\">\r\n\t\t\t\t\t        \t\t\t\t\t         <img decoding=\"async\" src=\"https:\/\/www.emattransformatori.com\/wp-content\/uploads\/2020\/02\/eco-icon.png\" alt=\"\">\t\t\t\t        <\/div>\r\n\t\t\t\t        <div class=\"content-box\">\r\n\t\t\t\t            <h4>Dry Transformers<\/h4>\t\t\t\t            <p>Cast-resin dry transformers for distribution and special applications<br><br><\/p>\t\t\t\t            <a class=\"btn-details\" href=\"https:\/\/www.emattransformatori.com\/en\/distributivni-suvi-transformatori\/\">View more <i class=\"icon ion-md-add-circle-outline\"><\/i><\/a>\t\t\t\t        <\/div>\r\n\t\t\t\t    <\/div>\r\n\t\t\t\t<\/div>\r\n\t\t\t\t\t\t\t\t<div>\r\n\t\t\t\t\t<div class=\"icon-box\">\r\n\t\t\t\t\t\t<div class=\"icon-top\">\r\n\t\t\t\t\t        \t\t\t\t\t         <img decoding=\"async\" src=\"https:\/\/www.emattransformatori.com\/wp-content\/uploads\/2020\/02\/petroleum-icon-png-14369.png\" alt=\"\">\t\t\t\t        <\/div>\r\n\t\t\t\t        <div class=\"content-box\">\r\n\t\t\t\t            <h4>Oil transformers<\/h4>\t\t\t\t            <p>Complete range of transformers with different levels of losses and coil materials<\/p>\t\t\t\t            <a class=\"btn-details\" href=\"https:\/\/www.emattransformatori.com\/en\/distributivni-uljni-transformatori\/\">View more <i class=\"icon ion-md-add-circle-outline\"><\/i><\/a>\t\t\t\t        <\/div>\r\n\t\t\t\t    <\/div>\r\n\t\t\t\t<\/div>\r\n\t\t\t\t\t\t\t\t<div>\r\n\t\t\t\t\t<div class=\"icon-box\">\r\n\t\t\t\t\t\t<div class=\"icon-top\">\r\n\t\t\t\t\t        \t\t\t\t\t         <img decoding=\"async\" src=\"https:\/\/www.emattransformatori.com\/wp-content\/uploads\/2020\/02\/gear-icon-png-2221.png\" alt=\"\">\t\t\t\t        <\/div>\r\n\t\t\t\t        <div class=\"content-box\">\r\n\t\t\t\t            <h4>Accessories and materials<\/h4>\t\t\t\t            <p>A wide range of equipment and materials for different types of transformers<br><br><\/p>\t\t\t\t            <a class=\"btn-details\" href=\"https:\/\/www.emattransformatori.com\/en\/opreme-i-materijali-za-transformatore\/\">View more <i class=\"icon ion-md-add-circle-outline\"><\/i><\/a>\t\t\t\t        <\/div>\r\n\t\t\t\t    <\/div>\r\n\t\t\t\t<\/div>\r\n\t\t\t\t\t\t\t\t<div>\r\n\t\t\t\t\t<div class=\"icon-box\">\r\n\t\t\t\t\t\t<div class=\"icon-top\">\r\n\t\t\t\t\t        \t\t\t\t\t         <img decoding=\"async\" src=\"https:\/\/www.emattransformatori.com\/wp-content\/uploads\/2022\/01\/limovi-ikona.png\" alt=\"\">\t\t\t\t        <\/div>\r\n\t\t\t\t        <div class=\"content-box\">\r\n\t\t\t\t            <h4>Hladno Valjani Limovi<\/h4>\t\t\t\t            <p>Hladnovaljani limovi od niskougljeni\u010dnih \u010delika pogodni su za zavarivanje i nano\u0161enje prevlaka.<\/p>\t\t\t\t            <a class=\"btn-details\" href=\"https:\/\/www.emattransformatori.com\/en\/hladno-valjani-limovi\/\">View more <i class=\"icon ion-md-add-circle-outline\"><\/i><\/a>\t\t\t\t        <\/div>\r\n\t\t\t\t    <\/div>\r\n\t\t\t\t<\/div>\r\n\t\t\t\t\t\t\t<\/div>\r\n\t\t\t\t\t\t<div class=\"img_rotate\">\r\n\t\t\t\t<div>\r\n\t\t\t\t\t<img decoding=\"async\" src=\"https:\/\/www.emattransformatori.com\/wp-content\/uploads\/2020\/02\/ematkrug.png\" alt=\"\">\r\n\t\t\t\t<\/div>\r\n\t\t\t<\/div>\r\n\t\t\t\t\t<\/div>\r\n\t    \t\t\t\t<\/div>\n\t\t\t\t<\/div>\n\t\t\t\t<\/div>\n\t\t\t\t\t<\/div>\n\t\t\t\t<\/div>\n\t\t\t\t<\/div>","protected":false},"excerpt":{"rendered":"<p>Transformatorski Busing Vertikalni indikatori nivoa ulja Magnetni indikatori nivoa ulja Sigurnosni ventili pritiska Uredjaj za odvod ulja To\u010dkovi za transformatore Bimetalni termometri Ku\u0107i\u0161ta za termometre Dehidratori Buchholz releji Za\u0161titni relej Aluminijumska traka EN AW \/ 1050A\/ 99.5% \/ Dvostruko emajlirana aluminijumska \u017eica po standardu EN 60317-15:2006 Aluminijumska \u017eica sa papirnom izolacijom po standardu EN 60317-27:2014 [&hellip;]<\/p>\n","protected":false},"author":1,"featured_media":0,"parent":0,"menu_order":0,"comment_status":"closed","ping_status":"closed","template":"","meta":{"footnotes":""},"class_list":["post-2015","page","type-page","status-publish","hentry"],"yoast_head":"<!-- This site is optimized with the Yoast SEO plugin v27.4 - https:\/\/yoast.com\/product\/yoast-seo-wordpress\/ -->\n<title>Opreme i materijali za transformatore - Emat D.O.O.<\/title>\n<meta name=\"robots\" content=\"index, follow, max-snippet:-1, max-image-preview:large, max-video-preview:-1\" \/>\n<link rel=\"canonical\" href=\"https:\/\/www.emattransformatori.com\/en\/opreme-i-materijali-za-transformatore\/\" \/>\n<meta property=\"og:locale\" content=\"en_GB\" \/>\n<meta property=\"og:type\" content=\"article\" \/>\n<meta property=\"og:title\" content=\"Opreme i materijali za transformatore - Emat D.O.O.\" \/>\n<meta property=\"og:description\" content=\"Transformatorski Busing Vertikalni indikatori nivoa ulja Magnetni indikatori nivoa ulja Sigurnosni ventili pritiska Uredjaj za odvod ulja To\u010dkovi za transformatore Bimetalni termometri Ku\u0107i\u0161ta za termometre Dehidratori Buchholz releji Za\u0161titni relej Aluminijumska traka EN AW \/ 1050A\/ 99.5% \/ Dvostruko emajlirana aluminijumska \u017eica po standardu EN 60317-15:2006 Aluminijumska \u017eica sa papirnom izolacijom po standardu EN 60317-27:2014 [&hellip;]\" \/>\n<meta property=\"og:url\" content=\"https:\/\/www.emattransformatori.com\/en\/opreme-i-materijali-za-transformatore\/\" \/>\n<meta property=\"og:site_name\" content=\"Emat D.O.O.\" \/>\n<meta property=\"article:modified_time\" content=\"2023-08-24T16:49:47+00:00\" \/>\n<meta property=\"og:image\" content=\"https:\/\/www.emattransformatori.com\/wp-content\/uploads\/2020\/03\/Buchholz-relay-768x1024.jpg\" \/>\n<meta name=\"twitter:card\" content=\"summary_large_image\" \/>\n<meta name=\"twitter:label1\" content=\"Estimated reading time\" \/>\n\t<meta name=\"twitter:data1\" content=\"3 minutes\" \/>\n<script type=\"application\/ld+json\" class=\"yoast-schema-graph\">{\"@context\":\"https:\\\/\\\/schema.org\",\"@graph\":[{\"@type\":\"WebPage\",\"@id\":\"https:\\\/\\\/www.emattransformatori.com\\\/opreme-i-materijali-za-transformatore\\\/\",\"url\":\"https:\\\/\\\/www.emattransformatori.com\\\/opreme-i-materijali-za-transformatore\\\/\",\"name\":\"Opreme i materijali za transformatore - Emat D.O.O.\",\"isPartOf\":{\"@id\":\"https:\\\/\\\/www.emattransformatori.com\\\/#website\"},\"primaryImageOfPage\":{\"@id\":\"https:\\\/\\\/www.emattransformatori.com\\\/opreme-i-materijali-za-transformatore\\\/#primaryimage\"},\"image\":{\"@id\":\"https:\\\/\\\/www.emattransformatori.com\\\/opreme-i-materijali-za-transformatore\\\/#primaryimage\"},\"thumbnailUrl\":\"https:\\\/\\\/www.emattransformatori.com\\\/wp-content\\\/uploads\\\/2020\\\/03\\\/Buchholz-relay-768x1024.jpg\",\"datePublished\":\"2020-02-28T23:53:00+00:00\",\"dateModified\":\"2023-08-24T16:49:47+00:00\",\"breadcrumb\":{\"@id\":\"https:\\\/\\\/www.emattransformatori.com\\\/opreme-i-materijali-za-transformatore\\\/#breadcrumb\"},\"inLanguage\":\"en-GB\",\"potentialAction\":[{\"@type\":\"ReadAction\",\"target\":[\"https:\\\/\\\/www.emattransformatori.com\\\/opreme-i-materijali-za-transformatore\\\/\"]}]},{\"@type\":\"ImageObject\",\"inLanguage\":\"en-GB\",\"@id\":\"https:\\\/\\\/www.emattransformatori.com\\\/opreme-i-materijali-za-transformatore\\\/#primaryimage\",\"url\":\"https:\\\/\\\/www.emattransformatori.com\\\/wp-content\\\/uploads\\\/2020\\\/03\\\/Buchholz-relay-768x1024.jpg\",\"contentUrl\":\"https:\\\/\\\/www.emattransformatori.com\\\/wp-content\\\/uploads\\\/2020\\\/03\\\/Buchholz-relay-768x1024.jpg\"},{\"@type\":\"BreadcrumbList\",\"@id\":\"https:\\\/\\\/www.emattransformatori.com\\\/opreme-i-materijali-za-transformatore\\\/#breadcrumb\",\"itemListElement\":[{\"@type\":\"ListItem\",\"position\":1,\"name\":\"Home\",\"item\":\"https:\\\/\\\/www.emattransformatori.com\\\/\"},{\"@type\":\"ListItem\",\"position\":2,\"name\":\"Opreme i materijali za transformatore\"}]},{\"@type\":\"WebSite\",\"@id\":\"https:\\\/\\\/www.emattransformatori.com\\\/#website\",\"url\":\"https:\\\/\\\/www.emattransformatori.com\\\/\",\"name\":\"Emat D.O.O.\",\"description\":\"Uljni i Suvi Transformatori | Opreme i Delovi za Transformatore\",\"potentialAction\":[{\"@type\":\"SearchAction\",\"target\":{\"@type\":\"EntryPoint\",\"urlTemplate\":\"https:\\\/\\\/www.emattransformatori.com\\\/?s={search_term_string}\"},\"query-input\":{\"@type\":\"PropertyValueSpecification\",\"valueRequired\":true,\"valueName\":\"search_term_string\"}}],\"inLanguage\":\"en-GB\"}]}<\/script>\n<!-- \/ Yoast SEO plugin. -->","yoast_head_json":{"title":"Opreme i materijali za transformatore - Emat D.O.O.","robots":{"index":"index","follow":"follow","max-snippet":"max-snippet:-1","max-image-preview":"max-image-preview:large","max-video-preview":"max-video-preview:-1"},"canonical":"https:\/\/www.emattransformatori.com\/en\/opreme-i-materijali-za-transformatore\/","og_locale":"en_GB","og_type":"article","og_title":"Opreme i materijali za transformatore - Emat D.O.O.","og_description":"Transformatorski Busing Vertikalni indikatori nivoa ulja Magnetni indikatori nivoa ulja Sigurnosni ventili pritiska Uredjaj za odvod ulja To\u010dkovi za transformatore Bimetalni termometri Ku\u0107i\u0161ta za termometre Dehidratori Buchholz releji Za\u0161titni relej Aluminijumska traka EN AW \/ 1050A\/ 99.5% \/ Dvostruko emajlirana aluminijumska \u017eica po standardu EN 60317-15:2006 Aluminijumska \u017eica sa papirnom izolacijom po standardu EN 60317-27:2014 [&hellip;]","og_url":"https:\/\/www.emattransformatori.com\/en\/opreme-i-materijali-za-transformatore\/","og_site_name":"Emat D.O.O.","article_modified_time":"2023-08-24T16:49:47+00:00","og_image":[{"url":"https:\/\/www.emattransformatori.com\/wp-content\/uploads\/2020\/03\/Buchholz-relay-768x1024.jpg","type":"","width":"","height":""}],"twitter_card":"summary_large_image","twitter_misc":{"Estimated reading time":"3 minutes"},"schema":{"@context":"https:\/\/schema.org","@graph":[{"@type":"WebPage","@id":"https:\/\/www.emattransformatori.com\/opreme-i-materijali-za-transformatore\/","url":"https:\/\/www.emattransformatori.com\/opreme-i-materijali-za-transformatore\/","name":"Opreme i materijali za transformatore - Emat D.O.O.","isPartOf":{"@id":"https:\/\/www.emattransformatori.com\/#website"},"primaryImageOfPage":{"@id":"https:\/\/www.emattransformatori.com\/opreme-i-materijali-za-transformatore\/#primaryimage"},"image":{"@id":"https:\/\/www.emattransformatori.com\/opreme-i-materijali-za-transformatore\/#primaryimage"},"thumbnailUrl":"https:\/\/www.emattransformatori.com\/wp-content\/uploads\/2020\/03\/Buchholz-relay-768x1024.jpg","datePublished":"2020-02-28T23:53:00+00:00","dateModified":"2023-08-24T16:49:47+00:00","breadcrumb":{"@id":"https:\/\/www.emattransformatori.com\/opreme-i-materijali-za-transformatore\/#breadcrumb"},"inLanguage":"en-GB","potentialAction":[{"@type":"ReadAction","target":["https:\/\/www.emattransformatori.com\/opreme-i-materijali-za-transformatore\/"]}]},{"@type":"ImageObject","inLanguage":"en-GB","@id":"https:\/\/www.emattransformatori.com\/opreme-i-materijali-za-transformatore\/#primaryimage","url":"https:\/\/www.emattransformatori.com\/wp-content\/uploads\/2020\/03\/Buchholz-relay-768x1024.jpg","contentUrl":"https:\/\/www.emattransformatori.com\/wp-content\/uploads\/2020\/03\/Buchholz-relay-768x1024.jpg"},{"@type":"BreadcrumbList","@id":"https:\/\/www.emattransformatori.com\/opreme-i-materijali-za-transformatore\/#breadcrumb","itemListElement":[{"@type":"ListItem","position":1,"name":"Home","item":"https:\/\/www.emattransformatori.com\/"},{"@type":"ListItem","position":2,"name":"Opreme i materijali za transformatore"}]},{"@type":"WebSite","@id":"https:\/\/www.emattransformatori.com\/#website","url":"https:\/\/www.emattransformatori.com\/","name":"Emat D.O.O.","description":"Uljni i Suvi Transformatori | Opreme i Delovi za Transformatore","potentialAction":[{"@type":"SearchAction","target":{"@type":"EntryPoint","urlTemplate":"https:\/\/www.emattransformatori.com\/?s={search_term_string}"},"query-input":{"@type":"PropertyValueSpecification","valueRequired":true,"valueName":"search_term_string"}}],"inLanguage":"en-GB"}]}},"_links":{"self":[{"href":"https:\/\/www.emattransformatori.com\/en\/wp-json\/wp\/v2\/pages\/2015","targetHints":{"allow":["GET"]}}],"collection":[{"href":"https:\/\/www.emattransformatori.com\/en\/wp-json\/wp\/v2\/pages"}],"about":[{"href":"https:\/\/www.emattransformatori.com\/en\/wp-json\/wp\/v2\/types\/page"}],"author":[{"embeddable":true,"href":"https:\/\/www.emattransformatori.com\/en\/wp-json\/wp\/v2\/users\/1"}],"replies":[{"embeddable":true,"href":"https:\/\/www.emattransformatori.com\/en\/wp-json\/wp\/v2\/comments?post=2015"}],"version-history":[{"count":17,"href":"https:\/\/www.emattransformatori.com\/en\/wp-json\/wp\/v2\/pages\/2015\/revisions"}],"predecessor-version":[{"id":2498,"href":"https:\/\/www.emattransformatori.com\/en\/wp-json\/wp\/v2\/pages\/2015\/revisions\/2498"}],"wp:attachment":[{"href":"https:\/\/www.emattransformatori.com\/en\/wp-json\/wp\/v2\/media?parent=2015"}],"curies":[{"name":"wp","href":"https:\/\/api.w.org\/{rel}","templated":true}]}}