{"id":442,"date":"2019-08-08T03:02:22","date_gmt":"2019-08-08T03:02:22","guid":{"rendered":"http:\/\/localhost\/industris\/?page_id=442"},"modified":"2023-08-24T18:50:56","modified_gmt":"2023-08-24T16:50:56","slug":"o-nama","status":"publish","type":"page","link":"https:\/\/www.emattransformatori.com\/en\/o-nama\/","title":{"rendered":"About Us"},"content":{"rendered":"<div data-elementor-type=\"wp-post\" data-elementor-id=\"442\" class=\"elementor elementor-442\">\n\t\t\t\t<div class=\"elementor-element elementor-element-e03885d e-flex e-con-boxed e-con e-parent\" data-id=\"e03885d\" data-element_type=\"container\" data-e-type=\"container\">\n\t\t\t\t\t<div class=\"e-con-inner\">\n\t\t<div class=\"elementor-element elementor-element-4143aee e-con-full e-flex e-con e-child\" data-id=\"4143aee\" data-element_type=\"container\" data-e-type=\"container\">\n\t\t\t\t<div class=\"elementor-element elementor-element-3372232 elementor-widget elementor-widget-iheading\" data-id=\"3372232\" data-element_type=\"widget\" data-e-type=\"widget\" data-widget_type=\"iheading.default\">\n\t\t\t\t<div class=\"elementor-widget-container\">\n\t\t\t\t\t\t\t<div class=\"section-head\">\r\n\t        \t        <h2 class=\"section-title\">EMAT D.O.O. <span class=\"text-primary\"><\/span><\/h2>\r\n\t        \t    <\/div>\r\n\t    \t\t\t\t<\/div>\n\t\t\t\t<\/div>\n\t\t\t\t<div class=\"elementor-element elementor-element-083f84f elementor-widget elementor-widget-text-editor\" data-id=\"083f84f\" data-element_type=\"widget\" data-e-type=\"widget\" data-widget_type=\"text-editor.default\">\n\t\t\t\t<div class=\"elementor-widget-container\">\n\t\t\t\t\t\t\t\t\t<div>Emat d.o.o. is a trading company representing the world's most renowned manufacturers in the field of power engineering.<\/div>\n<div>&nbsp;<\/div>\n<div>We offer Distribution oil transformers with rated voltage up to 36kV and rated power up to 10000kVA, as well as cast-resin dry transformers with rated voltage up to 36kV and rated power up to 25000kVA. In addition to transformers, the company also offers a wide range of equipment and materials for their production.<\/div>\n<div>&nbsp;<\/div>\n<div>Sedi\u0161te firme je u Ni\u0161koj Banji. Posedujemo magacinski prostor veli\u010dine 3500m2 na zemlji\u0161tu povr\u0161ine 6700m2, kompletno infrastrukturno opremljeno, sa industrijskim \u017eelezni\u010dkim kolosekom i istovarnom rampom.<\/div>\t\t\t\t\t\t\t\t<\/div>\n\t\t\t\t<\/div>\n\t\t\t\t<div class=\"elementor-element elementor-element-9f377f4 elementor-widget elementor-widget-text-editor\" data-id=\"9f377f4\" data-element_type=\"widget\" data-e-type=\"widget\" data-widget_type=\"text-editor.default\">\n\t\t\t\t<div class=\"elementor-widget-container\">\n\t\t\t\t\t\t\t\t\t<p><strong>Phone Number:<\/strong> +381 (0)18 45 48 260<br \/><strong>Address:<\/strong> Vidoja Jovanovica prilaz 1 bb, Ni\u0161ka Banja<br \/><strong>E-mail:<\/strong> emat@emattransformatori.com<\/p><p><strong>PIB<\/strong>: 106349132<br \/><strong>Mat.br<\/strong>: 20582758<\/p>\t\t\t\t\t\t\t\t<\/div>\n\t\t\t\t<\/div>\n\t\t\t\t<div class=\"elementor-element elementor-element-0aa2ed3 elementor-widget elementor-widget-ibutton\" data-id=\"0aa2ed3\" data-element_type=\"widget\" data-e-type=\"widget\" data-widget_type=\"ibutton.default\">\n\t\t\t\t<div class=\"elementor-widget-container\">\n\t\t\t\t\t\t\t<div class=\"ot-button\">\r\n\t\t\t<a href=\"https:\/\/www.emattransformatori.com\/en\/kontakt\/\" class=\"btn btn-main no-icon\"><span>Contact Us<\/span><\/a>\r\n\t    <\/div>\r\n\t    \t\t\t\t<\/div>\n\t\t\t\t<\/div>\n\t\t\t\t<\/div>\n\t\t<div class=\"elementor-element elementor-element-6b6833f elementor-hidden-tablet elementor-hidden-phone e-con-full e-flex e-con e-child\" data-id=\"6b6833f\" data-element_type=\"container\" data-e-type=\"container\">\n\t\t\t\t<\/div>\n\t\t<div class=\"elementor-element elementor-element-53c0906 e-con-full e-flex e-con e-child\" data-id=\"53c0906\" data-element_type=\"container\" data-e-type=\"container\">\n\t\t\t\t<div class=\"elementor-element elementor-element-77d18e9 elementor-widget elementor-widget-image\" data-id=\"77d18e9\" data-element_type=\"widget\" data-e-type=\"widget\" data-widget_type=\"image.default\">\n\t\t\t\t<div class=\"elementor-widget-container\">\n\t\t\t\t\t\t\t\t\t\t\t\t\t\t\t<img fetchpriority=\"high\" decoding=\"async\" width=\"800\" height=\"1157\" src=\"https:\/\/www.emattransformatori.com\/wp-content\/uploads\/2020\/02\/onama.jpg\" class=\"attachment-full size-full wp-image-2036\" alt=\"\" srcset=\"https:\/\/www.emattransformatori.com\/wp-content\/uploads\/2020\/02\/onama.jpg 800w, https:\/\/www.emattransformatori.com\/wp-content\/uploads\/2020\/02\/onama-207x300.jpg 207w, https:\/\/www.emattransformatori.com\/wp-content\/uploads\/2020\/02\/onama-708x1024.jpg 708w, https:\/\/www.emattransformatori.com\/wp-content\/uploads\/2020\/02\/onama-768x1111.jpg 768w\" sizes=\"(max-width: 800px) 100vw, 800px\" \/>\t\t\t\t\t\t\t\t\t\t\t\t\t\t\t<\/div>\n\t\t\t\t<\/div>\n\t\t\t\t<\/div>\n\t\t\t\t\t<\/div>\n\t\t\t\t<\/div>\n\t\t\t\t<section class=\"elementor-section elementor-top-section elementor-element elementor-element-e3aea81 elementor-section-boxed elementor-section-height-default elementor-section-height-default\" data-id=\"e3aea81\" data-element_type=\"section\" data-e-type=\"section\">\n\t\t\t\t\t\t<div class=\"elementor-container elementor-column-gap-default\">\n\t\t\t\t\t<div class=\"elementor-column elementor-col-100 elementor-top-column elementor-element elementor-element-24b328f\" data-id=\"24b328f\" data-element_type=\"column\" data-e-type=\"column\">\n\t\t\t<div class=\"elementor-widget-wrap elementor-element-populated\">\n\t\t\t\t\t\t<div class=\"elementor-element elementor-element-717e17d elementor-widget elementor-widget-iheading\" data-id=\"717e17d\" data-element_type=\"widget\" data-e-type=\"widget\" data-widget_type=\"iheading.default\">\n\t\t\t\t<div class=\"elementor-widget-container\">\n\t\t\t\t\t\t\t<div class=\"section-head\">\r\n\t        \t            <h6 class=\"text-primary\">OUR SOLUTIONS<\/h6>\r\n\t        \t        <h2 class=\"section-title\">For your needs <span class=\"text-primary\"><\/span><\/h2>\r\n\t        \t    <\/div>\r\n\t    \t\t\t\t<\/div>\n\t\t\t\t<\/div>\n\t\t\t\t<div class=\"elementor-element elementor-element-18c23c9 elementor-invisible elementor-widget elementor-widget-iiconbox_carousel\" data-id=\"18c23c9\" data-element_type=\"widget\" data-e-type=\"widget\" data-settings=\"{&quot;_animation&quot;:&quot;fadeIn&quot;}\" data-widget_type=\"iiconbox_carousel.default\">\n\t\t\t\t<div class=\"elementor-widget-container\">\n\t\t\t\t\t\t\t<div class=\"icon-box-slider-wraper\">\r\n\t\t\t<div class=\"icon-box-slider iarrow  row\" data-show=\"3\" data-auto=\"\" data-dots=\"\" data-arrow=\"true\">\r\n\t\t\t\t\t\t\t\t<div>\r\n\t\t\t\t\t<div class=\"icon-box\">\r\n\t\t\t\t\t\t<div class=\"icon-top\">\r\n\t\t\t\t\t        \t\t\t\t\t         <img decoding=\"async\" src=\"https:\/\/www.emattransformatori.com\/wp-content\/uploads\/2021\/03\/skladistenje-robe.png\" alt=\"\">\t\t\t\t        <\/div>\r\n\t\t\t\t        <div class=\"content-box\">\r\n\t\t\t\t            <h4>Skladi\u0161tenje robe<\/h4>\t\t\t\t            <p> Nudimo kompletnu uslugu, Javno carinsko skladiste i komercijalni magacin<\/p>\t\t\t\t            <a class=\"btn-details\" href=\"https:\/\/www.emattransformatori.com\/en\/javno-carinsko-skladiste\/\">View more <i class=\"icon ion-md-add-circle-outline\"><\/i><\/a>\t\t\t\t        <\/div>\r\n\t\t\t\t    <\/div>\r\n\t\t\t\t<\/div>\r\n\t\t\t\t\t\t\t\t<div>\r\n\t\t\t\t\t<div class=\"icon-box\">\r\n\t\t\t\t\t\t<div class=\"icon-top\">\r\n\t\t\t\t\t        \t\t\t\t\t         <img decoding=\"async\" src=\"https:\/\/www.emattransformatori.com\/wp-content\/uploads\/2020\/02\/eco-icon.png\" alt=\"\">\t\t\t\t        <\/div>\r\n\t\t\t\t        <div class=\"content-box\">\r\n\t\t\t\t            <h4>Dry Transformers<\/h4>\t\t\t\t            <p>Cast-resin dry transformers for distribution and special applications<br><br><\/p>\t\t\t\t            <a class=\"btn-details\" href=\"https:\/\/www.emattransformatori.com\/en\/distributivni-suvi-transformatori\/\">View more <i class=\"icon ion-md-add-circle-outline\"><\/i><\/a>\t\t\t\t        <\/div>\r\n\t\t\t\t    <\/div>\r\n\t\t\t\t<\/div>\r\n\t\t\t\t\t\t\t\t<div>\r\n\t\t\t\t\t<div class=\"icon-box\">\r\n\t\t\t\t\t\t<div class=\"icon-top\">\r\n\t\t\t\t\t        \t\t\t\t\t         <img decoding=\"async\" src=\"https:\/\/www.emattransformatori.com\/wp-content\/uploads\/2020\/02\/petroleum-icon-png-14369.png\" alt=\"\">\t\t\t\t        <\/div>\r\n\t\t\t\t        <div class=\"content-box\">\r\n\t\t\t\t            <h4>Oil transformers<\/h4>\t\t\t\t            <p>Complete range of transformers with different levels of losses and coil materials<\/p>\t\t\t\t            <a class=\"btn-details\" href=\"https:\/\/www.emattransformatori.com\/en\/distributivni-uljni-transformatori\/\">View more <i class=\"icon ion-md-add-circle-outline\"><\/i><\/a>\t\t\t\t        <\/div>\r\n\t\t\t\t    <\/div>\r\n\t\t\t\t<\/div>\r\n\t\t\t\t\t\t\t\t<div>\r\n\t\t\t\t\t<div class=\"icon-box\">\r\n\t\t\t\t\t\t<div class=\"icon-top\">\r\n\t\t\t\t\t        \t\t\t\t\t         <img decoding=\"async\" src=\"https:\/\/www.emattransformatori.com\/wp-content\/uploads\/2020\/02\/gear-icon-png-2221.png\" alt=\"\">\t\t\t\t        <\/div>\r\n\t\t\t\t        <div class=\"content-box\">\r\n\t\t\t\t            <h4>Accessories and materials<\/h4>\t\t\t\t            <p>A wide range of equipment and materials for different types of transformers<br><br><\/p>\t\t\t\t            <a class=\"btn-details\" href=\"https:\/\/www.emattransformatori.com\/en\/opreme-i-materijali-za-transformatore\/\">View more <i class=\"icon ion-md-add-circle-outline\"><\/i><\/a>\t\t\t\t        <\/div>\r\n\t\t\t\t    <\/div>\r\n\t\t\t\t<\/div>\r\n\t\t\t\t\t\t\t\t<div>\r\n\t\t\t\t\t<div class=\"icon-box\">\r\n\t\t\t\t\t\t<div class=\"icon-top\">\r\n\t\t\t\t\t        \t\t\t\t\t         <img decoding=\"async\" src=\"https:\/\/www.emattransformatori.com\/wp-content\/uploads\/2022\/01\/limovi-ikona.png\" alt=\"\">\t\t\t\t        <\/div>\r\n\t\t\t\t        <div class=\"content-box\">\r\n\t\t\t\t            <h4>Hladno Valjani Limovi<\/h4>\t\t\t\t            <p>Hladnovaljani limovi od niskougljeni\u010dnih \u010delika pogodni su za zavarivanje i nano\u0161enje prevlaka.<\/p>\t\t\t\t            <a class=\"btn-details\" href=\"https:\/\/www.emattransformatori.com\/en\/hladno-valjani-limovi\/\">View more <i class=\"icon ion-md-add-circle-outline\"><\/i><\/a>\t\t\t\t        <\/div>\r\n\t\t\t\t    <\/div>\r\n\t\t\t\t<\/div>\r\n\t\t\t\t\t\t\t<\/div>\r\n\t\t\t\t\t\t<div class=\"img_rotate\">\r\n\t\t\t\t<div>\r\n\t\t\t\t\t<img decoding=\"async\" src=\"https:\/\/www.emattransformatori.com\/wp-content\/uploads\/2020\/02\/ematkrug.png\" alt=\"\">\r\n\t\t\t\t<\/div>\r\n\t\t\t<\/div>\r\n\t\t\t\t\t<\/div>\r\n\t    \t\t\t\t<\/div>\n\t\t\t\t<\/div>\n\t\t\t\t\t<\/div>\n\t\t<\/div>\n\t\t\t\t\t<\/div>\n\t\t<\/section>\n\t\t\t\t<\/div>","protected":false},"excerpt":{"rendered":"<p>EMAT D.O.O. Emat d.o.o. je trgova\u010dka firma koja zastupa najpoznatije svetske proizvo\u0111a\u010de iz oblasti elektroenergetike. &nbsp; U ponudi su distributivni uljni transformatori napona do 36kV i nazivne snage do 10000kVA, kao i suvi transformatori zaliveni smolom napona do 36kV i nazivne snage do 25000kVA. Pored transformatora firma se bavi i prodajom \u0161irokog asortimana opreme i [&hellip;]<\/p>\n","protected":false},"author":1,"featured_media":0,"parent":0,"menu_order":0,"comment_status":"closed","ping_status":"closed","template":"","meta":{"footnotes":""},"class_list":["post-442","page","type-page","status-publish","hentry"],"yoast_head":"<!-- This site is optimized with the Yoast SEO plugin v27.5 - https:\/\/yoast.com\/product\/yoast-seo-wordpress\/ -->\n<title>O nama - Emat D.O.O.<\/title>\n<meta name=\"robots\" content=\"index, follow, max-snippet:-1, max-image-preview:large, max-video-preview:-1\" \/>\n<link rel=\"canonical\" href=\"https:\/\/www.emattransformatori.com\/en\/o-nama\/\" \/>\n<meta property=\"og:locale\" content=\"en_GB\" \/>\n<meta property=\"og:type\" content=\"article\" \/>\n<meta property=\"og:title\" content=\"O nama - Emat D.O.O.\" \/>\n<meta property=\"og:description\" content=\"EMAT D.O.O. Emat d.o.o. je trgova\u010dka firma koja zastupa najpoznatije svetske proizvo\u0111a\u010de iz oblasti elektroenergetike. &nbsp; U ponudi su distributivni uljni transformatori napona do 36kV i nazivne snage do 10000kVA, kao i suvi transformatori zaliveni smolom napona do 36kV i nazivne snage do 25000kVA. Pored transformatora firma se bavi i prodajom \u0161irokog asortimana opreme i [&hellip;]\" \/>\n<meta property=\"og:url\" content=\"https:\/\/www.emattransformatori.com\/en\/o-nama\/\" \/>\n<meta property=\"og:site_name\" content=\"Emat D.O.O.\" \/>\n<meta property=\"article:modified_time\" content=\"2023-08-24T16:50:56+00:00\" \/>\n<meta property=\"og:image\" content=\"https:\/\/www.emattransformatori.com\/wp-content\/uploads\/2020\/02\/onama.jpg\" \/>\n<meta name=\"twitter:card\" content=\"summary_large_image\" \/>\n<meta name=\"twitter:label1\" content=\"Estimated reading time\" \/>\n\t<meta name=\"twitter:data1\" content=\"3 minutes\" \/>\n<script type=\"application\/ld+json\" class=\"yoast-schema-graph\">{\"@context\":\"https:\\\/\\\/schema.org\",\"@graph\":[{\"@type\":\"WebPage\",\"@id\":\"https:\\\/\\\/www.emattransformatori.com\\\/o-nama\\\/\",\"url\":\"https:\\\/\\\/www.emattransformatori.com\\\/o-nama\\\/\",\"name\":\"O nama - Emat D.O.O.\",\"isPartOf\":{\"@id\":\"https:\\\/\\\/www.emattransformatori.com\\\/#website\"},\"primaryImageOfPage\":{\"@id\":\"https:\\\/\\\/www.emattransformatori.com\\\/o-nama\\\/#primaryimage\"},\"image\":{\"@id\":\"https:\\\/\\\/www.emattransformatori.com\\\/o-nama\\\/#primaryimage\"},\"thumbnailUrl\":\"https:\\\/\\\/www.emattransformatori.com\\\/wp-content\\\/uploads\\\/2020\\\/02\\\/onama.jpg\",\"datePublished\":\"2019-08-08T03:02:22+00:00\",\"dateModified\":\"2023-08-24T16:50:56+00:00\",\"breadcrumb\":{\"@id\":\"https:\\\/\\\/www.emattransformatori.com\\\/o-nama\\\/#breadcrumb\"},\"inLanguage\":\"en-GB\",\"potentialAction\":[{\"@type\":\"ReadAction\",\"target\":[\"https:\\\/\\\/www.emattransformatori.com\\\/o-nama\\\/\"]}]},{\"@type\":\"ImageObject\",\"inLanguage\":\"en-GB\",\"@id\":\"https:\\\/\\\/www.emattransformatori.com\\\/o-nama\\\/#primaryimage\",\"url\":\"https:\\\/\\\/www.emattransformatori.com\\\/wp-content\\\/uploads\\\/2020\\\/02\\\/onama.jpg\",\"contentUrl\":\"https:\\\/\\\/www.emattransformatori.com\\\/wp-content\\\/uploads\\\/2020\\\/02\\\/onama.jpg\"},{\"@type\":\"BreadcrumbList\",\"@id\":\"https:\\\/\\\/www.emattransformatori.com\\\/o-nama\\\/#breadcrumb\",\"itemListElement\":[{\"@type\":\"ListItem\",\"position\":1,\"name\":\"Home\",\"item\":\"https:\\\/\\\/www.emattransformatori.com\\\/\"},{\"@type\":\"ListItem\",\"position\":2,\"name\":\"O nama\"}]},{\"@type\":\"WebSite\",\"@id\":\"https:\\\/\\\/www.emattransformatori.com\\\/#website\",\"url\":\"https:\\\/\\\/www.emattransformatori.com\\\/\",\"name\":\"Emat D.O.O.\",\"description\":\"Uljni i Suvi Transformatori | Opreme i Delovi za Transformatore\",\"potentialAction\":[{\"@type\":\"SearchAction\",\"target\":{\"@type\":\"EntryPoint\",\"urlTemplate\":\"https:\\\/\\\/www.emattransformatori.com\\\/?s={search_term_string}\"},\"query-input\":{\"@type\":\"PropertyValueSpecification\",\"valueRequired\":true,\"valueName\":\"search_term_string\"}}],\"inLanguage\":\"en-GB\"}]}<\/script>\n<!-- \/ Yoast SEO plugin. -->","yoast_head_json":{"title":"O nama - Emat D.O.O.","robots":{"index":"index","follow":"follow","max-snippet":"max-snippet:-1","max-image-preview":"max-image-preview:large","max-video-preview":"max-video-preview:-1"},"canonical":"https:\/\/www.emattransformatori.com\/en\/o-nama\/","og_locale":"en_GB","og_type":"article","og_title":"O nama - Emat D.O.O.","og_description":"EMAT D.O.O. Emat d.o.o. je trgova\u010dka firma koja zastupa najpoznatije svetske proizvo\u0111a\u010de iz oblasti elektroenergetike. &nbsp; U ponudi su distributivni uljni transformatori napona do 36kV i nazivne snage do 10000kVA, kao i suvi transformatori zaliveni smolom napona do 36kV i nazivne snage do 25000kVA. Pored transformatora firma se bavi i prodajom \u0161irokog asortimana opreme i [&hellip;]","og_url":"https:\/\/www.emattransformatori.com\/en\/o-nama\/","og_site_name":"Emat D.O.O.","article_modified_time":"2023-08-24T16:50:56+00:00","og_image":[{"url":"https:\/\/www.emattransformatori.com\/wp-content\/uploads\/2020\/02\/onama.jpg","type":"","width":"","height":""}],"twitter_card":"summary_large_image","twitter_misc":{"Estimated reading time":"3 minutes"},"schema":{"@context":"https:\/\/schema.org","@graph":[{"@type":"WebPage","@id":"https:\/\/www.emattransformatori.com\/o-nama\/","url":"https:\/\/www.emattransformatori.com\/o-nama\/","name":"O nama - Emat D.O.O.","isPartOf":{"@id":"https:\/\/www.emattransformatori.com\/#website"},"primaryImageOfPage":{"@id":"https:\/\/www.emattransformatori.com\/o-nama\/#primaryimage"},"image":{"@id":"https:\/\/www.emattransformatori.com\/o-nama\/#primaryimage"},"thumbnailUrl":"https:\/\/www.emattransformatori.com\/wp-content\/uploads\/2020\/02\/onama.jpg","datePublished":"2019-08-08T03:02:22+00:00","dateModified":"2023-08-24T16:50:56+00:00","breadcrumb":{"@id":"https:\/\/www.emattransformatori.com\/o-nama\/#breadcrumb"},"inLanguage":"en-GB","potentialAction":[{"@type":"ReadAction","target":["https:\/\/www.emattransformatori.com\/o-nama\/"]}]},{"@type":"ImageObject","inLanguage":"en-GB","@id":"https:\/\/www.emattransformatori.com\/o-nama\/#primaryimage","url":"https:\/\/www.emattransformatori.com\/wp-content\/uploads\/2020\/02\/onama.jpg","contentUrl":"https:\/\/www.emattransformatori.com\/wp-content\/uploads\/2020\/02\/onama.jpg"},{"@type":"BreadcrumbList","@id":"https:\/\/www.emattransformatori.com\/o-nama\/#breadcrumb","itemListElement":[{"@type":"ListItem","position":1,"name":"Home","item":"https:\/\/www.emattransformatori.com\/"},{"@type":"ListItem","position":2,"name":"O nama"}]},{"@type":"WebSite","@id":"https:\/\/www.emattransformatori.com\/#website","url":"https:\/\/www.emattransformatori.com\/","name":"Emat D.O.O.","description":"Uljni i Suvi Transformatori | Opreme i Delovi za Transformatore","potentialAction":[{"@type":"SearchAction","target":{"@type":"EntryPoint","urlTemplate":"https:\/\/www.emattransformatori.com\/?s={search_term_string}"},"query-input":{"@type":"PropertyValueSpecification","valueRequired":true,"valueName":"search_term_string"}}],"inLanguage":"en-GB"}]}},"_links":{"self":[{"href":"https:\/\/www.emattransformatori.com\/en\/wp-json\/wp\/v2\/pages\/442","targetHints":{"allow":["GET"]}}],"collection":[{"href":"https:\/\/www.emattransformatori.com\/en\/wp-json\/wp\/v2\/pages"}],"about":[{"href":"https:\/\/www.emattransformatori.com\/en\/wp-json\/wp\/v2\/types\/page"}],"author":[{"embeddable":true,"href":"https:\/\/www.emattransformatori.com\/en\/wp-json\/wp\/v2\/users\/1"}],"replies":[{"embeddable":true,"href":"https:\/\/www.emattransformatori.com\/en\/wp-json\/wp\/v2\/comments?post=442"}],"version-history":[{"count":39,"href":"https:\/\/www.emattransformatori.com\/en\/wp-json\/wp\/v2\/pages\/442\/revisions"}],"predecessor-version":[{"id":2504,"href":"https:\/\/www.emattransformatori.com\/en\/wp-json\/wp\/v2\/pages\/442\/revisions\/2504"}],"wp:attachment":[{"href":"https:\/\/www.emattransformatori.com\/en\/wp-json\/wp\/v2\/media?parent=442"}],"curies":[{"name":"wp","href":"https:\/\/api.w.org\/{rel}","templated":true}]}}